{"id":100320,"date":"2025-07-08T15:44:24","date_gmt":"2025-07-08T13:44:24","guid":{"rendered":"https:\/\/www.paintevents.ch\/?post_type=product&#038;p=100320"},"modified":"2025-07-08T18:39:01","modified_gmt":"2025-07-08T16:39:01","slug":"service-verpackung-und-versand-packing-and-shipping-up-to-50x70","status":"publish","type":"product","link":"https:\/\/www.paintevents.ch\/en\/produkt\/service-verpackung-und-versand-packing-and-shipping-up-to-50x70\/","title":{"rendered":"Service: Verpackung und Versand (Packing and Shipping) (XL: max. 50x70cm)"},"content":{"rendered":"<p><strong>&#8212; Deutsch &#8212;<\/strong><\/p>\n<p>Wenn Du noch ein Bild aus einem Workshop in unserem Atelier hast und keine Zeit hast, es abzuholen, bieten wir jetzt neu einen Verpackungs- und Versandservice an. Du kannst mehrere Bilder in einem Versand zusammenfassen (z.B. wenn Du mit Kollegen zusammen da warst).<\/p>\n<p>Diese Geb\u00fchr gilt f\u00fcr den Versand von Bildern <strong>bis zu einer Gr\u00f6sse von 50x70cm (mindestens eine Seite unter 60cm).<\/strong><\/p>\n<p><strong>Alle Bilder m\u00fcssen die gleiche Gr\u00f6sse haben<\/strong>. Sonst bitte den Service mehrfach buchen (wir m\u00fcssen verschiedene Gr\u00f6ssen in separaten Paketen verschicken).<\/p>\n<p>Wir k\u00f6nnen bis zu 10 Bilder in einem Paket kombinieren. Bei mehr als 10 Bildern bitte den Service mehrfach buchen.<\/p>\n<p>Die Preisstaffelung ist wie folgt:<\/p>\n<ul>\n<li>1 Bild: 45 CHF<\/li>\n<li>2 Bilder: 45 CHF<\/li>\n<li>3 Bilder: 50 CHF<\/li>\n<li>4 Bilder: 55 CHF<\/li>\n<li>5 Bilder: 60 CHF<\/li>\n<li>6 Bilder: 65 CHF<\/li>\n<li>7 Bilder: 70 CHF<\/li>\n<li>8 Bilder: 70 CHF<\/li>\n<li>9 Bilder: 70 CHF<\/li>\n<li>10 Bilder: 70 CHF<\/li>\n<\/ul>\n<p>Den Versandservice bieten wir nur <strong>innerhalb der Schweiz<\/strong> an.<\/p>\n<p><strong>So funktioniert es:<\/strong><\/p>\n<ol>\n<li>Kaufe diesen Service und mach oben alle Angaben zum Event und Anzahl\/Beschriftung Bilder.<\/li>\n<li><strong>Falls nicht alle Bilder angeschrieben sein sollten: <\/strong>Schicke uns bitte Fotos deiner Werke an support@paintevents.ch. Erw\u00e4hne in deiner Mail die Versandadresse, damit wir es eindeutig zuordnen k\u00f6nnen.<\/li>\n<li>Wir werden Dein Bild suchen und uns gegebenenfalls mit Dir in Verbindung setzen (z.B. wenn wir den Namen auf dem Gem\u00e4lde nicht identifizieren k\u00f6nnen, usw.).<\/li>\n<li>Wir schicken es Dir zu. Im Normalfall ist das Bild innert 3-5 Arbeitstagen bei Dir.<\/li>\n<\/ol>\n<p>&nbsp;<\/p>\n<p><strong>&#8212; English &#8212;<\/strong><\/p>\n<p>If you have a painting from a workshop at our studio and don&#8217;t have time to come pick it up, we now offer you a packing and shipping service.<\/p>\n<p>The maximum dimensions covered by <strong>this rate are artworks up to 50x70cm (at least one side below 60cm).<\/strong><\/p>\n<p class=\"p1\"><strong>All paintings must be the same size.<\/strong> Otherwise, please book the service multiple times (we have to ship different sizes in separate packages).<\/p>\n<p class=\"p1\">We can combine up to 10 paintings in one package. For more than 10 paintings, please book the service multiple times.<\/p>\n<p class=\"p1\">The pricing tiers are as follows:<\/p>\n<ul>\n<li>1 painting: 45 CHF<\/li>\n<li>2 paintings: 45 CHF<\/li>\n<li>3 paintings: 50 CHF<\/li>\n<li>4 paintings: 55 CHF<\/li>\n<li>5 paintings: 60 CHF<\/li>\n<li>6 paintings: 65 CHF<\/li>\n<li>7 paintings: 70 CHF<\/li>\n<li>8 paintings: 70 CHF<\/li>\n<li>9 paintings: 70 CHF<\/li>\n<li>10 paintings: 70 CHF<\/li>\n<\/ul>\n<p>This fee is for <strong>domestic shipping within Switzerland. <\/strong><\/p>\n<p><strong>\u00a0This is how it works:<\/strong><\/p>\n<ol>\n<li>Purchase this service and fill in all the required info about your event and your artworks above.<\/li>\n<li>If your artworks are not fully labeled: Please send us an additional email to support@paintevents.ch with fotos (mention the shipping address so we can connect it to your shipping order)<\/li>\n<li>We will look for your painting and may contact you for clarification (e.g. if we can&#8217;t identify the name on it, etc).<\/li>\n<li>We will ship it to you. You can expect it to arrive within 3-5 business days.<\/li>\n<\/ol>\n<p>&nbsp;<\/p>\n<p>&nbsp;<\/p>\n","protected":false},"excerpt":{"rendered":"<p>&#8212; Deutsch &#8212; Wenn Du noch ein Bild aus einem Workshop in unserem Atelier hast und keine Zeit hast, es abzuholen, bieten wir jetzt neu einen Verpackungs- und Versandservice an&#8230;.<\/p>\n","protected":false},"featured_media":100374,"template":"","meta":{"_acf_changed":false,"_gspb_post_css":"","inline_featured_image":false,"_price":"45","_stock":"","_tribe_ticket_header":"","_tribe_default_ticket_provider":"","_tribe_ticket_capacity":"81","_ticket_start_date":"","_ticket_end_date":"","_tribe_ticket_show_description":"","_tribe_ticket_show_not_going":false,"_tribe_ticket_use_global_stock":"","_tribe_ticket_global_stock_level":"","_global_stock_mode":"","_global_stock_cap":"","_tribe_rsvp_for_event":"","_tribe_ticket_going_count":"","_tribe_ticket_not_going_count":"","_tribe_tickets_list":"[]","_tribe_ticket_has_attendee_info_fields":false,"_kad_post_transparent":"default","_kad_post_title":"","_kad_post_layout":"default","_kad_post_sidebar_id":"","_kad_post_content_style":"default","_kad_post_vertical_padding":"default","_kad_post_feature":"","_kad_post_feature_position":"","_kad_post_header":false,"_kad_post_footer":false,"_kad_post_classname":"","_tec_slr_enabled":"","_tec_slr_layout":""},"product_brand":[],"product_cat":[68],"product_tag":[],"class_list":{"0":"post-100320","1":"product","2":"type-product","3":"status-publish","4":"has-post-thumbnail","6":"product_cat-unkategorisiert","7":"product_shipping_class-included-shipping","8":"wpautop","10":"first","11":"instock","12":"taxable","13":"shipping-taxable","14":"purchasable","15":"product-type-variable","16":"entry","17":"content-bg","18":"loop-entry"},"acf":[],"yoast_head":"<!-- This site is optimized with the Yoast SEO plugin v27.2 - https:\/\/yoast.com\/product\/yoast-seo-wordpress\/ -->\n<title>Service: Verpackung und Versand (Packing and Shipping) (XL: max. 50x70cm) - PaintEvents.ch<\/title>\n<meta name=\"robots\" content=\"index, follow, max-snippet:-1, max-image-preview:large, max-video-preview:-1\" \/>\n<link rel=\"canonical\" href=\"https:\/\/www.paintevents.ch\/produkt\/service-verpackung-und-versand-packing-and-shipping-up-to-50x70\/\" \/>\n<meta property=\"og:locale\" content=\"en_US\" \/>\n<meta property=\"og:type\" content=\"article\" \/>\n<meta property=\"og:title\" content=\"Service: Verpackung und Versand (Packing and Shipping) (XL: max. 50x70cm) - PaintEvents.ch\" \/>\n<meta property=\"og:description\" content=\"&#8212; Deutsch &#8212; Wenn Du noch ein Bild aus einem Workshop in unserem Atelier hast und keine Zeit hast, es abzuholen, bieten wir jetzt neu einen Verpackungs- und Versandservice an....\" \/>\n<meta property=\"og:url\" content=\"https:\/\/www.paintevents.ch\/produkt\/service-verpackung-und-versand-packing-and-shipping-up-to-50x70\/\" \/>\n<meta property=\"og:site_name\" content=\"PaintEvents.ch\" \/>\n<meta property=\"article:publisher\" content=\"https:\/\/www.facebook.com\/paintevents\/\" \/>\n<meta property=\"article:modified_time\" content=\"2025-07-08T16:39:01+00:00\" \/>\n<meta property=\"og:image\" content=\"https:\/\/www.paintevents.ch\/wp-content\/uploads\/2025\/07\/Shipping_Icon_XL.jpg\" \/>\n\t<meta property=\"og:image:width\" content=\"810\" \/>\n\t<meta property=\"og:image:height\" content=\"810\" \/>\n\t<meta property=\"og:image:type\" content=\"image\/jpeg\" \/>\n<meta name=\"twitter:card\" content=\"summary_large_image\" \/>\n<meta name=\"twitter:label1\" content=\"Est. reading time\" \/>\n\t<meta name=\"twitter:data1\" content=\"3 minutes\" \/>\n<script type=\"application\/ld+json\" class=\"yoast-schema-graph\">{\"@context\":\"https:\/\/schema.org\",\"@graph\":[{\"@type\":\"WebPage\",\"@id\":\"https:\/\/www.paintevents.ch\/produkt\/service-verpackung-und-versand-packing-and-shipping-up-to-50x70\/\",\"url\":\"https:\/\/www.paintevents.ch\/produkt\/service-verpackung-und-versand-packing-and-shipping-up-to-50x70\/\",\"name\":\"Service: Verpackung und Versand (Packing and Shipping) (XL: max. 50x70cm) - PaintEvents.ch\",\"isPartOf\":{\"@id\":\"https:\/\/www.paintevents.ch\/#website\"},\"primaryImageOfPage\":{\"@id\":\"https:\/\/www.paintevents.ch\/produkt\/service-verpackung-und-versand-packing-and-shipping-up-to-50x70\/#primaryimage\"},\"image\":{\"@id\":\"https:\/\/www.paintevents.ch\/produkt\/service-verpackung-und-versand-packing-and-shipping-up-to-50x70\/#primaryimage\"},\"thumbnailUrl\":\"https:\/\/www.paintevents.ch\/wp-content\/uploads\/2025\/07\/Shipping_Icon_XL.jpg\",\"datePublished\":\"2025-07-08T13:44:24+00:00\",\"dateModified\":\"2025-07-08T16:39:01+00:00\",\"breadcrumb\":{\"@id\":\"https:\/\/www.paintevents.ch\/produkt\/service-verpackung-und-versand-packing-and-shipping-up-to-50x70\/#breadcrumb\"},\"inLanguage\":\"en-US\",\"potentialAction\":[{\"@type\":\"ReadAction\",\"target\":[\"https:\/\/www.paintevents.ch\/produkt\/service-verpackung-und-versand-packing-and-shipping-up-to-50x70\/\"]}]},{\"@type\":\"ImageObject\",\"inLanguage\":\"en-US\",\"@id\":\"https:\/\/www.paintevents.ch\/produkt\/service-verpackung-und-versand-packing-and-shipping-up-to-50x70\/#primaryimage\",\"url\":\"https:\/\/www.paintevents.ch\/wp-content\/uploads\/2025\/07\/Shipping_Icon_XL.jpg\",\"contentUrl\":\"https:\/\/www.paintevents.ch\/wp-content\/uploads\/2025\/07\/Shipping_Icon_XL.jpg\",\"width\":810,\"height\":810},{\"@type\":\"BreadcrumbList\",\"@id\":\"https:\/\/www.paintevents.ch\/produkt\/service-verpackung-und-versand-packing-and-shipping-up-to-50x70\/#breadcrumb\",\"itemListElement\":[{\"@type\":\"ListItem\",\"position\":1,\"name\":\"Home\",\"item\":\"https:\/\/www.paintevents.ch\/en\/\"},{\"@type\":\"ListItem\",\"position\":2,\"name\":\"Shop\",\"item\":\"https:\/\/www.paintevents.ch\/en\/shop-2\/\"},{\"@type\":\"ListItem\",\"position\":3,\"name\":\"Service: Verpackung und Versand (Packing and Shipping) (XL: max. 50x70cm)\"}]},{\"@type\":\"WebSite\",\"@id\":\"https:\/\/www.paintevents.ch\/#website\",\"url\":\"https:\/\/www.paintevents.ch\/\",\"name\":\"PaintEvents.ch\",\"description\":\"Relax COLORfully!\",\"publisher\":{\"@id\":\"https:\/\/www.paintevents.ch\/#organization\"},\"potentialAction\":[{\"@type\":\"SearchAction\",\"target\":{\"@type\":\"EntryPoint\",\"urlTemplate\":\"https:\/\/www.paintevents.ch\/?s={search_term_string}\"},\"query-input\":{\"@type\":\"PropertyValueSpecification\",\"valueRequired\":true,\"valueName\":\"search_term_string\"}}],\"inLanguage\":\"en-US\"},{\"@type\":\"Organization\",\"@id\":\"https:\/\/www.paintevents.ch\/#organization\",\"name\":\"PaintEvents.ch\",\"url\":\"https:\/\/www.paintevents.ch\/\",\"logo\":{\"@type\":\"ImageObject\",\"inLanguage\":\"en-US\",\"@id\":\"https:\/\/www.paintevents.ch\/#\/schema\/logo\/image\/\",\"url\":\"https:\/\/www.paintevents.ch\/wp-content\/uploads\/2017\/09\/cropped-LOGO_500px_KRAKEN-1.png\",\"contentUrl\":\"https:\/\/www.paintevents.ch\/wp-content\/uploads\/2017\/09\/cropped-LOGO_500px_KRAKEN-1.png\",\"width\":200,\"height\":31,\"caption\":\"PaintEvents.ch\"},\"image\":{\"@id\":\"https:\/\/www.paintevents.ch\/#\/schema\/logo\/image\/\"},\"sameAs\":[\"https:\/\/www.facebook.com\/paintevents\/\"]}]}<\/script>\n<!-- \/ Yoast SEO plugin. -->","yoast_head_json":{"title":"Service: Verpackung und Versand (Packing and Shipping) (XL: max. 50x70cm) - PaintEvents.ch","robots":{"index":"index","follow":"follow","max-snippet":"max-snippet:-1","max-image-preview":"max-image-preview:large","max-video-preview":"max-video-preview:-1"},"canonical":"https:\/\/www.paintevents.ch\/produkt\/service-verpackung-und-versand-packing-and-shipping-up-to-50x70\/","og_locale":"en_US","og_type":"article","og_title":"Service: Verpackung und Versand (Packing and Shipping) (XL: max. 50x70cm) - PaintEvents.ch","og_description":"&#8212; Deutsch &#8212; Wenn Du noch ein Bild aus einem Workshop in unserem Atelier hast und keine Zeit hast, es abzuholen, bieten wir jetzt neu einen Verpackungs- und Versandservice an....","og_url":"https:\/\/www.paintevents.ch\/produkt\/service-verpackung-und-versand-packing-and-shipping-up-to-50x70\/","og_site_name":"PaintEvents.ch","article_publisher":"https:\/\/www.facebook.com\/paintevents\/","article_modified_time":"2025-07-08T16:39:01+00:00","og_image":[{"width":810,"height":810,"url":"https:\/\/www.paintevents.ch\/wp-content\/uploads\/2025\/07\/Shipping_Icon_XL.jpg","type":"image\/jpeg"}],"twitter_card":"summary_large_image","twitter_misc":{"Est. reading time":"3 minutes"},"schema":{"@context":"https:\/\/schema.org","@graph":[{"@type":"WebPage","@id":"https:\/\/www.paintevents.ch\/produkt\/service-verpackung-und-versand-packing-and-shipping-up-to-50x70\/","url":"https:\/\/www.paintevents.ch\/produkt\/service-verpackung-und-versand-packing-and-shipping-up-to-50x70\/","name":"Service: Verpackung und Versand (Packing and Shipping) (XL: max. 50x70cm) - PaintEvents.ch","isPartOf":{"@id":"https:\/\/www.paintevents.ch\/#website"},"primaryImageOfPage":{"@id":"https:\/\/www.paintevents.ch\/produkt\/service-verpackung-und-versand-packing-and-shipping-up-to-50x70\/#primaryimage"},"image":{"@id":"https:\/\/www.paintevents.ch\/produkt\/service-verpackung-und-versand-packing-and-shipping-up-to-50x70\/#primaryimage"},"thumbnailUrl":"https:\/\/www.paintevents.ch\/wp-content\/uploads\/2025\/07\/Shipping_Icon_XL.jpg","datePublished":"2025-07-08T13:44:24+00:00","dateModified":"2025-07-08T16:39:01+00:00","breadcrumb":{"@id":"https:\/\/www.paintevents.ch\/produkt\/service-verpackung-und-versand-packing-and-shipping-up-to-50x70\/#breadcrumb"},"inLanguage":"en-US","potentialAction":[{"@type":"ReadAction","target":["https:\/\/www.paintevents.ch\/produkt\/service-verpackung-und-versand-packing-and-shipping-up-to-50x70\/"]}]},{"@type":"ImageObject","inLanguage":"en-US","@id":"https:\/\/www.paintevents.ch\/produkt\/service-verpackung-und-versand-packing-and-shipping-up-to-50x70\/#primaryimage","url":"https:\/\/www.paintevents.ch\/wp-content\/uploads\/2025\/07\/Shipping_Icon_XL.jpg","contentUrl":"https:\/\/www.paintevents.ch\/wp-content\/uploads\/2025\/07\/Shipping_Icon_XL.jpg","width":810,"height":810},{"@type":"BreadcrumbList","@id":"https:\/\/www.paintevents.ch\/produkt\/service-verpackung-und-versand-packing-and-shipping-up-to-50x70\/#breadcrumb","itemListElement":[{"@type":"ListItem","position":1,"name":"Home","item":"https:\/\/www.paintevents.ch\/en\/"},{"@type":"ListItem","position":2,"name":"Shop","item":"https:\/\/www.paintevents.ch\/en\/shop-2\/"},{"@type":"ListItem","position":3,"name":"Service: Verpackung und Versand (Packing and Shipping) (XL: max. 50x70cm)"}]},{"@type":"WebSite","@id":"https:\/\/www.paintevents.ch\/#website","url":"https:\/\/www.paintevents.ch\/","name":"PaintEvents.ch","description":"Relax COLORfully!","publisher":{"@id":"https:\/\/www.paintevents.ch\/#organization"},"potentialAction":[{"@type":"SearchAction","target":{"@type":"EntryPoint","urlTemplate":"https:\/\/www.paintevents.ch\/?s={search_term_string}"},"query-input":{"@type":"PropertyValueSpecification","valueRequired":true,"valueName":"search_term_string"}}],"inLanguage":"en-US"},{"@type":"Organization","@id":"https:\/\/www.paintevents.ch\/#organization","name":"PaintEvents.ch","url":"https:\/\/www.paintevents.ch\/","logo":{"@type":"ImageObject","inLanguage":"en-US","@id":"https:\/\/www.paintevents.ch\/#\/schema\/logo\/image\/","url":"https:\/\/www.paintevents.ch\/wp-content\/uploads\/2017\/09\/cropped-LOGO_500px_KRAKEN-1.png","contentUrl":"https:\/\/www.paintevents.ch\/wp-content\/uploads\/2017\/09\/cropped-LOGO_500px_KRAKEN-1.png","width":200,"height":31,"caption":"PaintEvents.ch"},"image":{"@id":"https:\/\/www.paintevents.ch\/#\/schema\/logo\/image\/"},"sameAs":["https:\/\/www.facebook.com\/paintevents\/"]}]}},"_links":{"self":[{"href":"https:\/\/www.paintevents.ch\/en\/wp-json\/wp\/v2\/product\/100320","targetHints":{"allow":["GET"]}}],"collection":[{"href":"https:\/\/www.paintevents.ch\/en\/wp-json\/wp\/v2\/product"}],"about":[{"href":"https:\/\/www.paintevents.ch\/en\/wp-json\/wp\/v2\/types\/product"}],"wp:featuredmedia":[{"embeddable":true,"href":"https:\/\/www.paintevents.ch\/en\/wp-json\/wp\/v2\/media\/100374"}],"wp:attachment":[{"href":"https:\/\/www.paintevents.ch\/en\/wp-json\/wp\/v2\/media?parent=100320"}],"wp:term":[{"taxonomy":"product_brand","embeddable":true,"href":"https:\/\/www.paintevents.ch\/en\/wp-json\/wp\/v2\/product_brand?post=100320"},{"taxonomy":"product_cat","embeddable":true,"href":"https:\/\/www.paintevents.ch\/en\/wp-json\/wp\/v2\/product_cat?post=100320"},{"taxonomy":"product_tag","embeddable":true,"href":"https:\/\/www.paintevents.ch\/en\/wp-json\/wp\/v2\/product_tag?post=100320"}],"curies":[{"name":"wp","href":"https:\/\/api.w.org\/{rel}","templated":true}]}}