{"id":88167,"date":"2024-11-20T14:18:05","date_gmt":"2024-11-20T13:18:05","guid":{"rendered":"https:\/\/www.paintevents.ch\/?post_type=product&#038;p=88167"},"modified":"2026-03-25T13:02:44","modified_gmt":"2026-03-25T12:02:44","slug":"acryl-starter-set-2-leinwaende-6-pinsel-12-farben-1-staffelei","status":"publish","type":"product","link":"https:\/\/www.paintevents.ch\/en\/produkt\/acryl-starter-set-2-leinwaende-6-pinsel-12-farben-1-staffelei\/","title":{"rendered":"Acryl Starter-Set (2 Leinw\u00e4nde, 6 Pinsel, 12 Farben, 1 Tischstaffelei)"},"content":{"rendered":"<p>Du m\u00f6chtest auch zu Hause mit Acrylfarbe malen und brauchst eine sch\u00f6ne Grundausstattung? Oder suchst nach einem Geschenk, um jemand den Einstieg in diese Technik zu erm\u00f6glichen? Dann ist dieses abgestimmte Set genau das Richtige! Es beinhaltet:<\/p>\n<ul>\n<li><strong>2 x PaintEvents 30&#215;40 cm Leinwand<\/strong>. 100% Baumwolle, 380g\/m2, 18mm dicker Rahmen aus Kiefernholz (FSC-Mix).<\/li>\n<li><strong>1 x Pinselset Lefranc Bourgeois<\/strong>.\u00a0 6 Pinsel, Synthetikfasern, allzweck. Inkludierte Pinsel: 2 x Rundpinsel Gr\u00f6sse 3 und 6 (franz\u00f6sische Gr\u00f6sse 6 und 12), 1 x Filbertpinsel Gr\u00f6sse 3 (franz\u00f6sische Gr\u00f6sse 6), 1 x Katzenzunge Gr\u00f6sse 3 (franz\u00f6sische Gr\u00f6sse 6), 2 x Flachpinsel Gr\u00f6sse 10 und 14 (franz\u00f6sische Gr\u00f6sse 16 und 22)<\/li>\n<li><strong>1 x Liquitex Basics Acrylfarben Set.<\/strong> 12x22ml Tuben. Beinhaltet folgende Farbt\u00f6ne: Prim\u00e4rgelb, Kadmiumorange, Alizarinkarmesin permanent, Prim\u00e4rrot, Dioxazinpurpur, Prim\u00e4rblau, Phthalozyaningr\u00fcn, Hellgr\u00fcn permanent, Siena gebrannt, Umbra gebrannt, Titanweiss, Marsschwarz.<\/li>\n<li><strong>1 x Tischstaffelei aus Holz.<\/strong> Elegantes und praktisches Design f\u00fcr Leinw\u00e4nde bis 50x70cm im Portraitformat. Faltbar (zusammengefaltete Masse: ca 51x8x8cm).<\/li>\n<\/ul>\n<p><strong>BONUS:\u00a0<\/strong>Beim Kauf des Sets erh\u00e4ltst Du ein PDF mit Links und Zugangsdaten zu 15 Online-Kursen (Acryl und Aquarelle), die wir in der Pandemiezeit aufgezeichnet haben (mehrheitlich auf Englisch). F\u00fcr einige der Videos beinhaltet das PDF auch noch Vorlagen zum Abpausen.<\/p>\n<p><strong>GRATIS VERSAND<\/strong> INNERHALB DER SCHWEIZ (3-5 Tage)<\/p>\n<p>oder ABHOLUNG an der Limmatstrasse 73 zu unseren <a href=\"https:\/\/www.paintevents.ch\/Veranstaltungen\/Foto\/?tribe_eventcategory%5B0%5D=102\">&#8220;Open Painting&#8221; Zeiten<\/a> (Bei Abholung erh\u00e4ltst Du im Gegenzug zu den wegfallenden Porto-Kosten <em>eine zus\u00e4tzliche<\/em> 30x40cm Leinwand).<\/p>\n<p>&nbsp;<\/p>\n","protected":false},"excerpt":{"rendered":"<p>Du m\u00f6chtest auch zu Hause mit Acrylfarbe malen und brauchst eine sch\u00f6ne Grundausstattung? Oder suchst nach einem Geschenk, um jemand den Einstieg in diese Technik zu erm\u00f6glichen? Dann ist dieses&#8230;<\/p>\n","protected":false},"featured_media":88168,"template":"","meta":{"_acf_changed":false,"_gspb_post_css":"","inline_featured_image":false,"_price":"95","_stock":"8","_tribe_ticket_header":"","_tribe_default_ticket_provider":"","_tribe_ticket_capacity":"5","_ticket_start_date":"","_ticket_end_date":"","_tribe_ticket_show_description":"","_tribe_ticket_show_not_going":false,"_tribe_ticket_use_global_stock":"","_tribe_ticket_global_stock_level":"","_global_stock_mode":"","_global_stock_cap":"","_tribe_rsvp_for_event":"","_tribe_ticket_going_count":"","_tribe_ticket_not_going_count":"","_tribe_tickets_list":"[]","_tribe_ticket_has_attendee_info_fields":false,"_kad_post_transparent":"default","_kad_post_title":"","_kad_post_layout":"default","_kad_post_sidebar_id":"","_kad_post_content_style":"default","_kad_post_vertical_padding":"default","_kad_post_feature":"","_kad_post_feature_position":"","_kad_post_header":false,"_kad_post_footer":false,"_kad_post_classname":"","_tec_slr_enabled":"","_tec_slr_layout":""},"product_brand":[],"product_cat":[86],"product_tag":[],"class_list":{"0":"post-88167","1":"product","2":"type-product","3":"status-publish","4":"has-post-thumbnail","6":"product_cat-acrylic-set","7":"product_shipping_class-free-shipping","8":"wpautop","10":"first","11":"instock","12":"downloadable","13":"taxable","14":"shipping-taxable","15":"purchasable","16":"product-type-simple","17":"entry","18":"content-bg","19":"loop-entry"},"acf":[],"yoast_head":"<!-- This site is optimized with the Yoast SEO plugin v27.2 - https:\/\/yoast.com\/product\/yoast-seo-wordpress\/ -->\n<title>Acryl Starter-Set (2 Leinw\u00e4nde, 6 Pinsel, 12 Farben, 1 Tischstaffelei) - PaintEvents.ch<\/title>\n<meta name=\"robots\" content=\"index, follow, max-snippet:-1, max-image-preview:large, max-video-preview:-1\" \/>\n<link rel=\"canonical\" href=\"https:\/\/www.paintevents.ch\/produkt\/acryl-starter-set-2-leinwaende-6-pinsel-12-farben-1-staffelei\/\" \/>\n<meta property=\"og:locale\" content=\"en_US\" \/>\n<meta property=\"og:type\" content=\"article\" \/>\n<meta property=\"og:title\" content=\"Acryl Starter-Set (2 Leinw\u00e4nde, 6 Pinsel, 12 Farben, 1 Tischstaffelei) - PaintEvents.ch\" \/>\n<meta property=\"og:description\" content=\"Du m\u00f6chtest auch zu Hause mit Acrylfarbe malen und brauchst eine sch\u00f6ne Grundausstattung? Oder suchst nach einem Geschenk, um jemand den Einstieg in diese Technik zu erm\u00f6glichen? Dann ist dieses...\" \/>\n<meta property=\"og:url\" content=\"https:\/\/www.paintevents.ch\/produkt\/acryl-starter-set-2-leinwaende-6-pinsel-12-farben-1-staffelei\/\" \/>\n<meta property=\"og:site_name\" content=\"PaintEvents.ch\" \/>\n<meta property=\"article:publisher\" content=\"https:\/\/www.facebook.com\/paintevents\/\" \/>\n<meta property=\"article:modified_time\" content=\"2026-03-25T12:02:44+00:00\" \/>\n<meta property=\"og:image\" content=\"https:\/\/www.paintevents.ch\/wp-content\/uploads\/2024\/11\/2024_Acryl_Starter_Set_Gross.jpg\" \/>\n\t<meta property=\"og:image:width\" content=\"1080\" \/>\n\t<meta property=\"og:image:height\" content=\"1080\" \/>\n\t<meta property=\"og:image:type\" content=\"image\/jpeg\" \/>\n<meta name=\"twitter:card\" content=\"summary_large_image\" \/>\n<meta name=\"twitter:label1\" content=\"Est. reading time\" \/>\n\t<meta name=\"twitter:data1\" content=\"2 minutes\" \/>\n<script type=\"application\/ld+json\" class=\"yoast-schema-graph\">{\"@context\":\"https:\/\/schema.org\",\"@graph\":[{\"@type\":\"WebPage\",\"@id\":\"https:\/\/www.paintevents.ch\/produkt\/acryl-starter-set-2-leinwaende-6-pinsel-12-farben-1-staffelei\/\",\"url\":\"https:\/\/www.paintevents.ch\/produkt\/acryl-starter-set-2-leinwaende-6-pinsel-12-farben-1-staffelei\/\",\"name\":\"Acryl Starter-Set (2 Leinw\u00e4nde, 6 Pinsel, 12 Farben, 1 Tischstaffelei) - PaintEvents.ch\",\"isPartOf\":{\"@id\":\"https:\/\/www.paintevents.ch\/#website\"},\"primaryImageOfPage\":{\"@id\":\"https:\/\/www.paintevents.ch\/produkt\/acryl-starter-set-2-leinwaende-6-pinsel-12-farben-1-staffelei\/#primaryimage\"},\"image\":{\"@id\":\"https:\/\/www.paintevents.ch\/produkt\/acryl-starter-set-2-leinwaende-6-pinsel-12-farben-1-staffelei\/#primaryimage\"},\"thumbnailUrl\":\"https:\/\/www.paintevents.ch\/wp-content\/uploads\/2024\/11\/2024_Acryl_Starter_Set_Gross.jpg\",\"datePublished\":\"2024-11-20T13:18:05+00:00\",\"dateModified\":\"2026-03-25T12:02:44+00:00\",\"breadcrumb\":{\"@id\":\"https:\/\/www.paintevents.ch\/produkt\/acryl-starter-set-2-leinwaende-6-pinsel-12-farben-1-staffelei\/#breadcrumb\"},\"inLanguage\":\"en-US\",\"potentialAction\":[{\"@type\":\"ReadAction\",\"target\":[\"https:\/\/www.paintevents.ch\/produkt\/acryl-starter-set-2-leinwaende-6-pinsel-12-farben-1-staffelei\/\"]}]},{\"@type\":\"ImageObject\",\"inLanguage\":\"en-US\",\"@id\":\"https:\/\/www.paintevents.ch\/produkt\/acryl-starter-set-2-leinwaende-6-pinsel-12-farben-1-staffelei\/#primaryimage\",\"url\":\"https:\/\/www.paintevents.ch\/wp-content\/uploads\/2024\/11\/2024_Acryl_Starter_Set_Gross.jpg\",\"contentUrl\":\"https:\/\/www.paintevents.ch\/wp-content\/uploads\/2024\/11\/2024_Acryl_Starter_Set_Gross.jpg\",\"width\":1080,\"height\":1080},{\"@type\":\"BreadcrumbList\",\"@id\":\"https:\/\/www.paintevents.ch\/produkt\/acryl-starter-set-2-leinwaende-6-pinsel-12-farben-1-staffelei\/#breadcrumb\",\"itemListElement\":[{\"@type\":\"ListItem\",\"position\":1,\"name\":\"Home\",\"item\":\"https:\/\/www.paintevents.ch\/en\/\"},{\"@type\":\"ListItem\",\"position\":2,\"name\":\"Shop\",\"item\":\"https:\/\/www.paintevents.ch\/en\/shop-2\/\"},{\"@type\":\"ListItem\",\"position\":3,\"name\":\"Acryl Starter-Set (2 Leinw\u00e4nde, 6 Pinsel, 12 Farben, 1 Tischstaffelei)\"}]},{\"@type\":\"WebSite\",\"@id\":\"https:\/\/www.paintevents.ch\/#website\",\"url\":\"https:\/\/www.paintevents.ch\/\",\"name\":\"PaintEvents.ch\",\"description\":\"Relax COLORfully!\",\"publisher\":{\"@id\":\"https:\/\/www.paintevents.ch\/#organization\"},\"potentialAction\":[{\"@type\":\"SearchAction\",\"target\":{\"@type\":\"EntryPoint\",\"urlTemplate\":\"https:\/\/www.paintevents.ch\/?s={search_term_string}\"},\"query-input\":{\"@type\":\"PropertyValueSpecification\",\"valueRequired\":true,\"valueName\":\"search_term_string\"}}],\"inLanguage\":\"en-US\"},{\"@type\":\"Organization\",\"@id\":\"https:\/\/www.paintevents.ch\/#organization\",\"name\":\"PaintEvents.ch\",\"url\":\"https:\/\/www.paintevents.ch\/\",\"logo\":{\"@type\":\"ImageObject\",\"inLanguage\":\"en-US\",\"@id\":\"https:\/\/www.paintevents.ch\/#\/schema\/logo\/image\/\",\"url\":\"https:\/\/www.paintevents.ch\/wp-content\/uploads\/2017\/09\/cropped-LOGO_500px_KRAKEN-1.png\",\"contentUrl\":\"https:\/\/www.paintevents.ch\/wp-content\/uploads\/2017\/09\/cropped-LOGO_500px_KRAKEN-1.png\",\"width\":200,\"height\":31,\"caption\":\"PaintEvents.ch\"},\"image\":{\"@id\":\"https:\/\/www.paintevents.ch\/#\/schema\/logo\/image\/\"},\"sameAs\":[\"https:\/\/www.facebook.com\/paintevents\/\"]}]}<\/script>\n<!-- \/ Yoast SEO plugin. -->","yoast_head_json":{"title":"Acryl Starter-Set (2 Leinw\u00e4nde, 6 Pinsel, 12 Farben, 1 Tischstaffelei) - PaintEvents.ch","robots":{"index":"index","follow":"follow","max-snippet":"max-snippet:-1","max-image-preview":"max-image-preview:large","max-video-preview":"max-video-preview:-1"},"canonical":"https:\/\/www.paintevents.ch\/produkt\/acryl-starter-set-2-leinwaende-6-pinsel-12-farben-1-staffelei\/","og_locale":"en_US","og_type":"article","og_title":"Acryl Starter-Set (2 Leinw\u00e4nde, 6 Pinsel, 12 Farben, 1 Tischstaffelei) - PaintEvents.ch","og_description":"Du m\u00f6chtest auch zu Hause mit Acrylfarbe malen und brauchst eine sch\u00f6ne Grundausstattung? Oder suchst nach einem Geschenk, um jemand den Einstieg in diese Technik zu erm\u00f6glichen? Dann ist dieses...","og_url":"https:\/\/www.paintevents.ch\/produkt\/acryl-starter-set-2-leinwaende-6-pinsel-12-farben-1-staffelei\/","og_site_name":"PaintEvents.ch","article_publisher":"https:\/\/www.facebook.com\/paintevents\/","article_modified_time":"2026-03-25T12:02:44+00:00","og_image":[{"width":1080,"height":1080,"url":"https:\/\/www.paintevents.ch\/wp-content\/uploads\/2024\/11\/2024_Acryl_Starter_Set_Gross.jpg","type":"image\/jpeg"}],"twitter_card":"summary_large_image","twitter_misc":{"Est. reading time":"2 minutes"},"schema":{"@context":"https:\/\/schema.org","@graph":[{"@type":"WebPage","@id":"https:\/\/www.paintevents.ch\/produkt\/acryl-starter-set-2-leinwaende-6-pinsel-12-farben-1-staffelei\/","url":"https:\/\/www.paintevents.ch\/produkt\/acryl-starter-set-2-leinwaende-6-pinsel-12-farben-1-staffelei\/","name":"Acryl Starter-Set (2 Leinw\u00e4nde, 6 Pinsel, 12 Farben, 1 Tischstaffelei) - PaintEvents.ch","isPartOf":{"@id":"https:\/\/www.paintevents.ch\/#website"},"primaryImageOfPage":{"@id":"https:\/\/www.paintevents.ch\/produkt\/acryl-starter-set-2-leinwaende-6-pinsel-12-farben-1-staffelei\/#primaryimage"},"image":{"@id":"https:\/\/www.paintevents.ch\/produkt\/acryl-starter-set-2-leinwaende-6-pinsel-12-farben-1-staffelei\/#primaryimage"},"thumbnailUrl":"https:\/\/www.paintevents.ch\/wp-content\/uploads\/2024\/11\/2024_Acryl_Starter_Set_Gross.jpg","datePublished":"2024-11-20T13:18:05+00:00","dateModified":"2026-03-25T12:02:44+00:00","breadcrumb":{"@id":"https:\/\/www.paintevents.ch\/produkt\/acryl-starter-set-2-leinwaende-6-pinsel-12-farben-1-staffelei\/#breadcrumb"},"inLanguage":"en-US","potentialAction":[{"@type":"ReadAction","target":["https:\/\/www.paintevents.ch\/produkt\/acryl-starter-set-2-leinwaende-6-pinsel-12-farben-1-staffelei\/"]}]},{"@type":"ImageObject","inLanguage":"en-US","@id":"https:\/\/www.paintevents.ch\/produkt\/acryl-starter-set-2-leinwaende-6-pinsel-12-farben-1-staffelei\/#primaryimage","url":"https:\/\/www.paintevents.ch\/wp-content\/uploads\/2024\/11\/2024_Acryl_Starter_Set_Gross.jpg","contentUrl":"https:\/\/www.paintevents.ch\/wp-content\/uploads\/2024\/11\/2024_Acryl_Starter_Set_Gross.jpg","width":1080,"height":1080},{"@type":"BreadcrumbList","@id":"https:\/\/www.paintevents.ch\/produkt\/acryl-starter-set-2-leinwaende-6-pinsel-12-farben-1-staffelei\/#breadcrumb","itemListElement":[{"@type":"ListItem","position":1,"name":"Home","item":"https:\/\/www.paintevents.ch\/en\/"},{"@type":"ListItem","position":2,"name":"Shop","item":"https:\/\/www.paintevents.ch\/en\/shop-2\/"},{"@type":"ListItem","position":3,"name":"Acryl Starter-Set (2 Leinw\u00e4nde, 6 Pinsel, 12 Farben, 1 Tischstaffelei)"}]},{"@type":"WebSite","@id":"https:\/\/www.paintevents.ch\/#website","url":"https:\/\/www.paintevents.ch\/","name":"PaintEvents.ch","description":"Relax COLORfully!","publisher":{"@id":"https:\/\/www.paintevents.ch\/#organization"},"potentialAction":[{"@type":"SearchAction","target":{"@type":"EntryPoint","urlTemplate":"https:\/\/www.paintevents.ch\/?s={search_term_string}"},"query-input":{"@type":"PropertyValueSpecification","valueRequired":true,"valueName":"search_term_string"}}],"inLanguage":"en-US"},{"@type":"Organization","@id":"https:\/\/www.paintevents.ch\/#organization","name":"PaintEvents.ch","url":"https:\/\/www.paintevents.ch\/","logo":{"@type":"ImageObject","inLanguage":"en-US","@id":"https:\/\/www.paintevents.ch\/#\/schema\/logo\/image\/","url":"https:\/\/www.paintevents.ch\/wp-content\/uploads\/2017\/09\/cropped-LOGO_500px_KRAKEN-1.png","contentUrl":"https:\/\/www.paintevents.ch\/wp-content\/uploads\/2017\/09\/cropped-LOGO_500px_KRAKEN-1.png","width":200,"height":31,"caption":"PaintEvents.ch"},"image":{"@id":"https:\/\/www.paintevents.ch\/#\/schema\/logo\/image\/"},"sameAs":["https:\/\/www.facebook.com\/paintevents\/"]}]}},"_links":{"self":[{"href":"https:\/\/www.paintevents.ch\/en\/wp-json\/wp\/v2\/product\/88167","targetHints":{"allow":["GET"]}}],"collection":[{"href":"https:\/\/www.paintevents.ch\/en\/wp-json\/wp\/v2\/product"}],"about":[{"href":"https:\/\/www.paintevents.ch\/en\/wp-json\/wp\/v2\/types\/product"}],"wp:featuredmedia":[{"embeddable":true,"href":"https:\/\/www.paintevents.ch\/en\/wp-json\/wp\/v2\/media\/88168"}],"wp:attachment":[{"href":"https:\/\/www.paintevents.ch\/en\/wp-json\/wp\/v2\/media?parent=88167"}],"wp:term":[{"taxonomy":"product_brand","embeddable":true,"href":"https:\/\/www.paintevents.ch\/en\/wp-json\/wp\/v2\/product_brand?post=88167"},{"taxonomy":"product_cat","embeddable":true,"href":"https:\/\/www.paintevents.ch\/en\/wp-json\/wp\/v2\/product_cat?post=88167"},{"taxonomy":"product_tag","embeddable":true,"href":"https:\/\/www.paintevents.ch\/en\/wp-json\/wp\/v2\/product_tag?post=88167"}],"curies":[{"name":"wp","href":"https:\/\/api.w.org\/{rel}","templated":true}]}}