{"id":99204,"date":"2025-06-06T12:50:59","date_gmt":"2025-06-06T10:50:59","guid":{"rendered":"https:\/\/www.paintevents.ch\/?post_type=product&#038;p=99204"},"modified":"2025-07-08T18:21:51","modified_gmt":"2025-07-08T16:21:51","slug":"service-keramik-versand-pottery-shipping","status":"publish","type":"product","link":"https:\/\/www.paintevents.ch\/en\/produkt\/service-keramik-versand-pottery-shipping\/","title":{"rendered":"Service: Keramik-Versand (Pottery Shipping)"},"content":{"rendered":"<p><strong>&#8212; Deutsch &#8212;<\/strong><\/p>\n<p>Gerne sende wir Dir deine bemalten Keramik-Objekte nach dem Brennen zu. Daf\u00fcr ben\u00f6tigen wir die 8-stellige &#8220;Collection ID&#8221;, die Du nach der Registrierung per E-Mail erhalten hast (z.B. &#8220;A12B-C3D4&#8221;). Gib diese bitte oben an und best\u00e4tige die Anzahl der Gegenst\u00e4nde, um die es geht.<\/p>\n<p>F\u00fcr 1 oder 2 Objekte gilt der Grundpreis von 25 CHF. F\u00fcr jedes weitere Objekt (im gleichen Paket) fallen +5 CHF an.<\/p>\n<p>Dieser Service gilt f\u00fcr einen Versand innerhalb der Schweiz und wir ben\u00f6tigen in der Regel 3-5 Arbeitstage f\u00fcr den Versand (ab dem Tag an dem Deine Werke aus dem Ofen kommen). Der Versand kann auch noch nachtr\u00e4glich gebucht werden, auch nachdem Du schon eine Abholungseinladung erhalten hast.<\/p>\n<p><strong>&#8212; English &#8212;<\/strong><\/p>\n<p class=\"p1\">We\u2019re happy to send you your painted ceramic items after they\u2019ve been fired. To do so, we need the 8-digit \u201cCollection ID\u201d you received by email after registering (e.g., \u201cA12B-C3D4\u201d). Please enter it above and confirm the number of items you\u2019d like us to send.<\/p>\n<p>The base price of 25 CHF applies for 1 or 2 items. Each additional item (in the same package) costs an extra 5 CHF.<\/p>\n<p class=\"p1\">This service is available for shipping within Switzerland, and we usually require 3\u20135 business days for delivery (starting from the day your pieces come out of the kiln). Shipping can also be booked afterwards, even if you have already received a pickup invitation.<\/p>\n<p>&nbsp;<\/p>\n<p>&nbsp;<\/p>\n","protected":false},"excerpt":{"rendered":"<p>&#8212; Deutsch &#8212; Gerne sende wir Dir deine bemalten Keramik-Objekte nach dem Brennen zu. Daf\u00fcr ben\u00f6tigen wir die 8-stellige &#8220;Collection ID&#8221;, die Du nach der Registrierung per E-Mail erhalten hast&#8230;<\/p>\n","protected":false},"featured_media":100370,"template":"","meta":{"_acf_changed":false,"_gspb_post_css":"","inline_featured_image":false,"_price":"25","_stock":"","_tribe_ticket_header":"","_tribe_default_ticket_provider":"","_tribe_ticket_capacity":"81","_ticket_start_date":"","_ticket_end_date":"","_tribe_ticket_show_description":"","_tribe_ticket_show_not_going":false,"_tribe_ticket_use_global_stock":"","_tribe_ticket_global_stock_level":"","_global_stock_mode":"","_global_stock_cap":"","_tribe_rsvp_for_event":"","_tribe_ticket_going_count":"","_tribe_ticket_not_going_count":"","_tribe_tickets_list":"[]","_tribe_ticket_has_attendee_info_fields":false,"_kad_post_transparent":"default","_kad_post_title":"","_kad_post_layout":"default","_kad_post_sidebar_id":"","_kad_post_content_style":"default","_kad_post_vertical_padding":"default","_kad_post_feature":"","_kad_post_feature_position":"","_kad_post_header":false,"_kad_post_footer":false,"_kad_post_classname":"","_tec_slr_enabled":"","_tec_slr_layout":""},"product_brand":[],"product_cat":[68],"product_tag":[],"class_list":{"0":"post-99204","1":"product","2":"type-product","3":"status-publish","4":"has-post-thumbnail","6":"product_cat-unkategorisiert","7":"product_shipping_class-included-shipping","8":"wpautop","10":"first","11":"instock","12":"taxable","13":"shipping-taxable","14":"purchasable","15":"product-type-variable","16":"has-default-attributes","17":"entry","18":"content-bg","19":"loop-entry"},"acf":[],"yoast_head":"<!-- This site is optimized with the Yoast SEO plugin v27.2 - https:\/\/yoast.com\/product\/yoast-seo-wordpress\/ -->\n<title>Service: Keramik-Versand (Pottery Shipping) - PaintEvents.ch<\/title>\n<meta name=\"robots\" content=\"index, follow, max-snippet:-1, max-image-preview:large, max-video-preview:-1\" \/>\n<link rel=\"canonical\" href=\"https:\/\/www.paintevents.ch\/produkt\/service-keramik-versand-pottery-shipping\/\" \/>\n<meta property=\"og:locale\" content=\"en_US\" \/>\n<meta property=\"og:type\" content=\"article\" \/>\n<meta property=\"og:title\" content=\"Service: Keramik-Versand (Pottery Shipping) - PaintEvents.ch\" \/>\n<meta property=\"og:description\" content=\"&#8212; Deutsch &#8212; Gerne sende wir Dir deine bemalten Keramik-Objekte nach dem Brennen zu. Daf\u00fcr ben\u00f6tigen wir die 8-stellige &#8220;Collection ID&#8221;, die Du nach der Registrierung per E-Mail erhalten hast...\" \/>\n<meta property=\"og:url\" content=\"https:\/\/www.paintevents.ch\/produkt\/service-keramik-versand-pottery-shipping\/\" \/>\n<meta property=\"og:site_name\" content=\"PaintEvents.ch\" \/>\n<meta property=\"article:publisher\" content=\"https:\/\/www.facebook.com\/paintevents\/\" \/>\n<meta property=\"article:modified_time\" content=\"2025-07-08T16:21:51+00:00\" \/>\n<meta property=\"og:image\" content=\"https:\/\/www.paintevents.ch\/wp-content\/uploads\/2025\/06\/Shipping_Icon_Pottery.jpg\" \/>\n\t<meta property=\"og:image:width\" content=\"810\" \/>\n\t<meta property=\"og:image:height\" content=\"810\" \/>\n\t<meta property=\"og:image:type\" content=\"image\/jpeg\" \/>\n<meta name=\"twitter:card\" content=\"summary_large_image\" \/>\n<meta name=\"twitter:label1\" content=\"Est. reading time\" \/>\n\t<meta name=\"twitter:data1\" content=\"2 minutes\" \/>\n<script type=\"application\/ld+json\" class=\"yoast-schema-graph\">{\"@context\":\"https:\/\/schema.org\",\"@graph\":[{\"@type\":\"WebPage\",\"@id\":\"https:\/\/www.paintevents.ch\/produkt\/service-keramik-versand-pottery-shipping\/\",\"url\":\"https:\/\/www.paintevents.ch\/produkt\/service-keramik-versand-pottery-shipping\/\",\"name\":\"Service: Keramik-Versand (Pottery Shipping) - PaintEvents.ch\",\"isPartOf\":{\"@id\":\"https:\/\/www.paintevents.ch\/#website\"},\"primaryImageOfPage\":{\"@id\":\"https:\/\/www.paintevents.ch\/produkt\/service-keramik-versand-pottery-shipping\/#primaryimage\"},\"image\":{\"@id\":\"https:\/\/www.paintevents.ch\/produkt\/service-keramik-versand-pottery-shipping\/#primaryimage\"},\"thumbnailUrl\":\"https:\/\/www.paintevents.ch\/wp-content\/uploads\/2025\/06\/Shipping_Icon_Pottery.jpg\",\"datePublished\":\"2025-06-06T10:50:59+00:00\",\"dateModified\":\"2025-07-08T16:21:51+00:00\",\"breadcrumb\":{\"@id\":\"https:\/\/www.paintevents.ch\/produkt\/service-keramik-versand-pottery-shipping\/#breadcrumb\"},\"inLanguage\":\"en-US\",\"potentialAction\":[{\"@type\":\"ReadAction\",\"target\":[\"https:\/\/www.paintevents.ch\/produkt\/service-keramik-versand-pottery-shipping\/\"]}]},{\"@type\":\"ImageObject\",\"inLanguage\":\"en-US\",\"@id\":\"https:\/\/www.paintevents.ch\/produkt\/service-keramik-versand-pottery-shipping\/#primaryimage\",\"url\":\"https:\/\/www.paintevents.ch\/wp-content\/uploads\/2025\/06\/Shipping_Icon_Pottery.jpg\",\"contentUrl\":\"https:\/\/www.paintevents.ch\/wp-content\/uploads\/2025\/06\/Shipping_Icon_Pottery.jpg\",\"width\":810,\"height\":810},{\"@type\":\"BreadcrumbList\",\"@id\":\"https:\/\/www.paintevents.ch\/produkt\/service-keramik-versand-pottery-shipping\/#breadcrumb\",\"itemListElement\":[{\"@type\":\"ListItem\",\"position\":1,\"name\":\"Home\",\"item\":\"https:\/\/www.paintevents.ch\/en\/\"},{\"@type\":\"ListItem\",\"position\":2,\"name\":\"Shop\",\"item\":\"https:\/\/www.paintevents.ch\/en\/shop-2\/\"},{\"@type\":\"ListItem\",\"position\":3,\"name\":\"Service: Keramik-Versand (Pottery Shipping)\"}]},{\"@type\":\"WebSite\",\"@id\":\"https:\/\/www.paintevents.ch\/#website\",\"url\":\"https:\/\/www.paintevents.ch\/\",\"name\":\"PaintEvents.ch\",\"description\":\"Relax COLORfully!\",\"publisher\":{\"@id\":\"https:\/\/www.paintevents.ch\/#organization\"},\"potentialAction\":[{\"@type\":\"SearchAction\",\"target\":{\"@type\":\"EntryPoint\",\"urlTemplate\":\"https:\/\/www.paintevents.ch\/?s={search_term_string}\"},\"query-input\":{\"@type\":\"PropertyValueSpecification\",\"valueRequired\":true,\"valueName\":\"search_term_string\"}}],\"inLanguage\":\"en-US\"},{\"@type\":\"Organization\",\"@id\":\"https:\/\/www.paintevents.ch\/#organization\",\"name\":\"PaintEvents.ch\",\"url\":\"https:\/\/www.paintevents.ch\/\",\"logo\":{\"@type\":\"ImageObject\",\"inLanguage\":\"en-US\",\"@id\":\"https:\/\/www.paintevents.ch\/#\/schema\/logo\/image\/\",\"url\":\"https:\/\/www.paintevents.ch\/wp-content\/uploads\/2017\/09\/cropped-LOGO_500px_KRAKEN-1.png\",\"contentUrl\":\"https:\/\/www.paintevents.ch\/wp-content\/uploads\/2017\/09\/cropped-LOGO_500px_KRAKEN-1.png\",\"width\":200,\"height\":31,\"caption\":\"PaintEvents.ch\"},\"image\":{\"@id\":\"https:\/\/www.paintevents.ch\/#\/schema\/logo\/image\/\"},\"sameAs\":[\"https:\/\/www.facebook.com\/paintevents\/\"]}]}<\/script>\n<!-- \/ Yoast SEO plugin. -->","yoast_head_json":{"title":"Service: Keramik-Versand (Pottery Shipping) - PaintEvents.ch","robots":{"index":"index","follow":"follow","max-snippet":"max-snippet:-1","max-image-preview":"max-image-preview:large","max-video-preview":"max-video-preview:-1"},"canonical":"https:\/\/www.paintevents.ch\/produkt\/service-keramik-versand-pottery-shipping\/","og_locale":"en_US","og_type":"article","og_title":"Service: Keramik-Versand (Pottery Shipping) - PaintEvents.ch","og_description":"&#8212; Deutsch &#8212; Gerne sende wir Dir deine bemalten Keramik-Objekte nach dem Brennen zu. Daf\u00fcr ben\u00f6tigen wir die 8-stellige &#8220;Collection ID&#8221;, die Du nach der Registrierung per E-Mail erhalten hast...","og_url":"https:\/\/www.paintevents.ch\/produkt\/service-keramik-versand-pottery-shipping\/","og_site_name":"PaintEvents.ch","article_publisher":"https:\/\/www.facebook.com\/paintevents\/","article_modified_time":"2025-07-08T16:21:51+00:00","og_image":[{"width":810,"height":810,"url":"https:\/\/www.paintevents.ch\/wp-content\/uploads\/2025\/06\/Shipping_Icon_Pottery.jpg","type":"image\/jpeg"}],"twitter_card":"summary_large_image","twitter_misc":{"Est. reading time":"2 minutes"},"schema":{"@context":"https:\/\/schema.org","@graph":[{"@type":"WebPage","@id":"https:\/\/www.paintevents.ch\/produkt\/service-keramik-versand-pottery-shipping\/","url":"https:\/\/www.paintevents.ch\/produkt\/service-keramik-versand-pottery-shipping\/","name":"Service: Keramik-Versand (Pottery Shipping) - PaintEvents.ch","isPartOf":{"@id":"https:\/\/www.paintevents.ch\/#website"},"primaryImageOfPage":{"@id":"https:\/\/www.paintevents.ch\/produkt\/service-keramik-versand-pottery-shipping\/#primaryimage"},"image":{"@id":"https:\/\/www.paintevents.ch\/produkt\/service-keramik-versand-pottery-shipping\/#primaryimage"},"thumbnailUrl":"https:\/\/www.paintevents.ch\/wp-content\/uploads\/2025\/06\/Shipping_Icon_Pottery.jpg","datePublished":"2025-06-06T10:50:59+00:00","dateModified":"2025-07-08T16:21:51+00:00","breadcrumb":{"@id":"https:\/\/www.paintevents.ch\/produkt\/service-keramik-versand-pottery-shipping\/#breadcrumb"},"inLanguage":"en-US","potentialAction":[{"@type":"ReadAction","target":["https:\/\/www.paintevents.ch\/produkt\/service-keramik-versand-pottery-shipping\/"]}]},{"@type":"ImageObject","inLanguage":"en-US","@id":"https:\/\/www.paintevents.ch\/produkt\/service-keramik-versand-pottery-shipping\/#primaryimage","url":"https:\/\/www.paintevents.ch\/wp-content\/uploads\/2025\/06\/Shipping_Icon_Pottery.jpg","contentUrl":"https:\/\/www.paintevents.ch\/wp-content\/uploads\/2025\/06\/Shipping_Icon_Pottery.jpg","width":810,"height":810},{"@type":"BreadcrumbList","@id":"https:\/\/www.paintevents.ch\/produkt\/service-keramik-versand-pottery-shipping\/#breadcrumb","itemListElement":[{"@type":"ListItem","position":1,"name":"Home","item":"https:\/\/www.paintevents.ch\/en\/"},{"@type":"ListItem","position":2,"name":"Shop","item":"https:\/\/www.paintevents.ch\/en\/shop-2\/"},{"@type":"ListItem","position":3,"name":"Service: Keramik-Versand (Pottery Shipping)"}]},{"@type":"WebSite","@id":"https:\/\/www.paintevents.ch\/#website","url":"https:\/\/www.paintevents.ch\/","name":"PaintEvents.ch","description":"Relax COLORfully!","publisher":{"@id":"https:\/\/www.paintevents.ch\/#organization"},"potentialAction":[{"@type":"SearchAction","target":{"@type":"EntryPoint","urlTemplate":"https:\/\/www.paintevents.ch\/?s={search_term_string}"},"query-input":{"@type":"PropertyValueSpecification","valueRequired":true,"valueName":"search_term_string"}}],"inLanguage":"en-US"},{"@type":"Organization","@id":"https:\/\/www.paintevents.ch\/#organization","name":"PaintEvents.ch","url":"https:\/\/www.paintevents.ch\/","logo":{"@type":"ImageObject","inLanguage":"en-US","@id":"https:\/\/www.paintevents.ch\/#\/schema\/logo\/image\/","url":"https:\/\/www.paintevents.ch\/wp-content\/uploads\/2017\/09\/cropped-LOGO_500px_KRAKEN-1.png","contentUrl":"https:\/\/www.paintevents.ch\/wp-content\/uploads\/2017\/09\/cropped-LOGO_500px_KRAKEN-1.png","width":200,"height":31,"caption":"PaintEvents.ch"},"image":{"@id":"https:\/\/www.paintevents.ch\/#\/schema\/logo\/image\/"},"sameAs":["https:\/\/www.facebook.com\/paintevents\/"]}]}},"_links":{"self":[{"href":"https:\/\/www.paintevents.ch\/en\/wp-json\/wp\/v2\/product\/99204","targetHints":{"allow":["GET"]}}],"collection":[{"href":"https:\/\/www.paintevents.ch\/en\/wp-json\/wp\/v2\/product"}],"about":[{"href":"https:\/\/www.paintevents.ch\/en\/wp-json\/wp\/v2\/types\/product"}],"wp:featuredmedia":[{"embeddable":true,"href":"https:\/\/www.paintevents.ch\/en\/wp-json\/wp\/v2\/media\/100370"}],"wp:attachment":[{"href":"https:\/\/www.paintevents.ch\/en\/wp-json\/wp\/v2\/media?parent=99204"}],"wp:term":[{"taxonomy":"product_brand","embeddable":true,"href":"https:\/\/www.paintevents.ch\/en\/wp-json\/wp\/v2\/product_brand?post=99204"},{"taxonomy":"product_cat","embeddable":true,"href":"https:\/\/www.paintevents.ch\/en\/wp-json\/wp\/v2\/product_cat?post=99204"},{"taxonomy":"product_tag","embeddable":true,"href":"https:\/\/www.paintevents.ch\/en\/wp-json\/wp\/v2\/product_tag?post=99204"}],"curies":[{"name":"wp","href":"https:\/\/api.w.org\/{rel}","templated":true}]}}